{"id":2108,"date":"2024-09-01T09:08:12","date_gmt":"2024-09-01T07:08:12","guid":{"rendered":"https:\/\/optionsbb.com\/?page_id=2108"},"modified":"2024-10-30T06:32:13","modified_gmt":"2024-10-30T05:32:13","slug":"formulario-tienes-una-idea","status":"publish","type":"page","link":"https:\/\/optionsbb.com\/en\/formulario-tienes-una-idea\/","title":{"rendered":"Formulario \u00bftienes una idea?"},"content":{"rendered":"<div data-elementor-type=\"wp-page\" data-elementor-id=\"2108\" class=\"elementor elementor-2108\">\n\t\t\t\t<div class=\"elementor-element elementor-element-813c193 e-flex e-con-boxed e-con e-parent\" data-id=\"813c193\" data-element_type=\"container\" data-settings=\"{&quot;background_background&quot;:&quot;classic&quot;}\">\n\t\t\t\t\t<div class=\"e-con-inner\">\n\t\t<div class=\"elementor-element elementor-element-6148b9f e-flex e-con-boxed e-con e-child\" data-id=\"6148b9f\" data-element_type=\"container\" data-settings=\"{&quot;background_background&quot;:&quot;classic&quot;}\">\n\t\t\t\t\t<div class=\"e-con-inner\">\n\t\t<div class=\"elementor-element elementor-element-6691290 e-con-full e-flex e-con e-child\" data-id=\"6691290\" data-element_type=\"container\">\n\t\t<div class=\"elementor-element elementor-element-648868c e-con-full e-flex e-con e-child\" data-id=\"648868c\" data-element_type=\"container\">\n\t\t\t\t<div class=\"elementor-element elementor-element-7920cc6 elementor-widget elementor-widget-heading\" data-id=\"7920cc6\" data-element_type=\"widget\" data-widget_type=\"heading.default\">\n\t\t\t\t<div class=\"elementor-widget-container\">\n\t\t\t<h3 class=\"elementor-heading-title elementor-size-default\">\u00bfTienes Una Proyecto Personal?<\/h3>\t\t<\/div>\n\t\t\t\t<\/div>\n\t\t\t\t<\/div>\n\t\t\t\t<div class=\"elementor-element elementor-element-090102b elementor-widget elementor-widget-text-editor\" data-id=\"090102b\" data-element_type=\"widget\" data-widget_type=\"text-editor.default\">\n\t\t\t\t<div class=\"elementor-widget-container\">\n\t\t\t\t\t\t\t<p>Configuramos su scanner, lista de sus acciones mas estudiadas,\u00a0<\/p>\t\t\t\t\t\t<\/div>\n\t\t\t\t<\/div>\n\t\t\t\t<\/div>\n\t\t\t\t\t<\/div>\n\t\t\t\t<\/div>\n\t\t\t\t\t<\/div>\n\t\t\t\t<\/div>\n\t\t<div class=\"elementor-element elementor-element-5b1510d4 e-flex e-con-boxed e-con e-parent\" data-id=\"5b1510d4\" data-element_type=\"container\">\n\t\t\t\t\t<div class=\"e-con-inner\">\n\t\t<div class=\"elementor-element elementor-element-4548c79b e-con-full e-flex e-con e-child\" data-id=\"4548c79b\" data-element_type=\"container\">\n\t\t\t\t<div class=\"elementor-element elementor-element-7116f89d elementor-widget elementor-widget-heading\" data-id=\"7116f89d\" data-element_type=\"widget\" data-widget_type=\"heading.default\">\n\t\t\t\t<div class=\"elementor-widget-container\">\n\t\t\t<h2 class=\"elementor-heading-title elementor-size-default\">Tienes una estrategia o quieres construirla<\/h2>\t\t<\/div>\n\t\t\t\t<\/div>\n\t\t\t\t<div class=\"elementor-element elementor-element-1f2f6b8f elementor-widget elementor-widget-heading\" data-id=\"1f2f6b8f\" data-element_type=\"widget\" data-widget_type=\"heading.default\">\n\t\t\t\t<div class=\"elementor-widget-container\">\n\t\t\t<p class=\"elementor-heading-title elementor-size-default\">Complete el formulario para una cotizaci\u00f3n de proyecto.<\/p>\t\t<\/div>\n\t\t\t\t<\/div>\n\t\t\t\t<div class=\"elementor-element elementor-element-bd08751 elementor-widget elementor-widget-button\" data-id=\"bd08751\" data-element_type=\"widget\" data-widget_type=\"button.default\">\n\t\t\t\t<div class=\"elementor-widget-container\">\n\t\t\t\t\t<div class=\"elementor-button-wrapper\">\n\t\t\t<a class=\"elementor-button elementor-button-link elementor-size-sm\" href=\"#\">\n\t\t\t\t\t\t<span class=\"elementor-button-content-wrapper\">\n\t\t\t\t\t\t\t\t\t<span class=\"elementor-button-text\">Ver ejemplo de estrategia<\/span>\n\t\t\t\t\t<\/span>\n\t\t\t\t\t<\/a>\n\t\t<\/div>\n\t\t\t\t<\/div>\n\t\t\t\t<\/div>\n\t\t\t\t<\/div>\n\t\t<div class=\"elementor-element elementor-element-596c831f e-con-full e-flex e-con e-child\" data-id=\"596c831f\" data-element_type=\"container\">\n\t\t\t\t<div class=\"elementor-element elementor-element-634cc38d elementor-widget elementor-widget-wpforms\" data-id=\"634cc38d\" data-element_type=\"widget\" data-widget_type=\"wpforms.default\">\n\t\t\t\t<div class=\"elementor-widget-container\">\n\t\t\t<style id=\"wpforms-css-vars-root\">\n\t\t\t\t:root {\n\t\t\t\t\t--wpforms-field-border-radius: 3px;\n--wpforms-field-border-style: solid;\n--wpforms-field-border-size: 1px;\n--wpforms-field-background-color: #ffffff;\n--wpforms-field-border-color: rgba( 0, 0, 0, 0.25 );\n--wpforms-field-border-color-spare: rgba( 0, 0, 0, 0.25 );\n--wpforms-field-text-color: rgba( 0, 0, 0, 0.7 );\n--wpforms-field-menu-color: #ffffff;\n--wpforms-label-color: rgba( 0, 0, 0, 0.85 );\n--wpforms-label-sublabel-color: rgba( 0, 0, 0, 0.55 );\n--wpforms-label-error-color: #d63637;\n--wpforms-button-border-radius: 3px;\n--wpforms-button-border-style: none;\n--wpforms-button-border-size: 1px;\n--wpforms-button-background-color: #066aab;\n--wpforms-button-border-color: #066aab;\n--wpforms-button-text-color: #ffffff;\n--wpforms-page-break-color: #066aab;\n--wpforms-background-image: none;\n--wpforms-background-position: center center;\n--wpforms-background-repeat: no-repeat;\n--wpforms-background-size: cover;\n--wpforms-background-width: 100px;\n--wpforms-background-height: 100px;\n--wpforms-background-color: rgba( 0, 0, 0, 0 );\n--wpforms-background-url: none;\n--wpforms-container-padding: 0px;\n--wpforms-container-border-style: none;\n--wpforms-container-border-width: 1px;\n--wpforms-container-border-color: #000000;\n--wpforms-container-border-radius: 3px;\n--wpforms-field-size-input-height: 43px;\n--wpforms-field-size-input-spacing: 15px;\n--wpforms-field-size-font-size: 16px;\n--wpforms-field-size-line-height: 19px;\n--wpforms-field-size-padding-h: 14px;\n--wpforms-field-size-checkbox-size: 16px;\n--wpforms-field-size-sublabel-spacing: 5px;\n--wpforms-field-size-icon-size: 1;\n--wpforms-label-size-font-size: 16px;\n--wpforms-label-size-line-height: 19px;\n--wpforms-label-size-sublabel-font-size: 14px;\n--wpforms-label-size-sublabel-line-height: 17px;\n--wpforms-button-size-font-size: 17px;\n--wpforms-button-size-height: 41px;\n--wpforms-button-size-padding-h: 15px;\n--wpforms-button-size-margin-top: 10px;\n--wpforms-container-shadow-size-box-shadow: none;\n\n\t\t\t\t}\n\t\t\t<\/style><div class=\"wpforms-container wpforms-render-modern\" id=\"wpforms-1680\"><form id=\"wpforms-form-1680\" class=\"wpforms-validate wpforms-form wpforms-ajax-form\" data-formid=\"1680\" method=\"post\" enctype=\"multipart\/form-data\" action=\"\/en\/wp-json\/wp\/v2\/pages\/2108\" data-token=\"bd6027336ec6811fe4d421a26c9dd062\" data-token-time=\"1778157093\" data-trp-original-action=\"\/en\/wp-json\/wp\/v2\/pages\/2108\"><noscript class=\"wpforms-error-noscript\">Please enable JavaScript in your browser to complete this form.<\/noscript><div class=\"wpforms-hidden\" id=\"wpforms-error-noscript\">Please enable JavaScript in your browser to complete this form.<\/div><div class=\"wpforms-field-container\"><div id=\"wpforms-1680-field_1-container\" class=\"wpforms-field wpforms-field-name wpforms-one-half wpforms-first\" data-field-id=\"1\"><label class=\"wpforms-field-label\" for=\"wpforms-1680-field_1\">Name <span class=\"wpforms-required-label\" aria-hidden=\"true\">*<\/span><\/label><input type=\"text\" id=\"wpforms-1680-field_1\" class=\"wpforms-field-large wpforms-field-required\" name=\"wpforms[fields][1]\" placeholder=\"Oscar\" aria-errormessage=\"wpforms-1680-field_1-error\" required><\/div><div id=\"wpforms-1680-field_9-container\" class=\"wpforms-field wpforms-field-name wpforms-one-half\" data-field-id=\"9\"><label class=\"wpforms-field-label\" for=\"wpforms-1680-field_9\">Last Name <span class=\"wpforms-required-label\" aria-hidden=\"true\">*<\/span><\/label><input type=\"text\" id=\"wpforms-1680-field_9\" class=\"wpforms-field-large wpforms-field-required\" name=\"wpforms[fields][9]\" placeholder=\"Smith\" aria-errormessage=\"wpforms-1680-field_9-error\" required><\/div><div id=\"wpforms-1680-field_2-container\" class=\"wpforms-field wpforms-field-email\" data-field-id=\"2\"><label class=\"wpforms-field-label\" for=\"wpforms-1680-field_2\">Correo electr\u00f3nico <span class=\"wpforms-required-label\" aria-hidden=\"true\">*<\/span><\/label><input type=\"email\" id=\"wpforms-1680-field_2\" class=\"wpforms-field-large wpforms-field-required\" name=\"wpforms[fields][2]\" placeholder=\"ejemplo@gmail.com\" spellcheck=\"false\" aria-errormessage=\"wpforms-1680-field_2-error\" required><\/div><div id=\"wpforms-1680-field_3-container\" class=\"wpforms-field wpforms-field-select wpforms-field-select-style-classic\" data-field-id=\"3\"><label class=\"wpforms-field-label\" for=\"wpforms-1680-field_3\">Tipo de Proyecto <span class=\"wpforms-required-label\" aria-hidden=\"true\">*<\/span><\/label><select id=\"wpforms-1680-field_3\" class=\"wpforms-field-large wpforms-field-required\" name=\"wpforms[fields][3]\" required=\"required\"><option value=\"\" class=\"placeholder\" disabled selected='selected'>Lista dinamica<\/option><option value=\"Estudio\" >Study<\/option><option value=\"Scanner\" >Scanner<\/option><option value=\"Lista dinamica\" >Lista dinamica<\/option><\/select><\/div><div id=\"wpforms-1680-field_8-container\" class=\"wpforms-field wpforms-field-select wpforms-field-select-style-classic\" data-field-id=\"8\"><label class=\"wpforms-field-label\" for=\"wpforms-1680-field_8\">\u00bfQue Broker usas? <span class=\"wpforms-required-label\" aria-hidden=\"true\">*<\/span><\/label><select id=\"wpforms-1680-field_8\" class=\"wpforms-field-large wpforms-field-required\" name=\"wpforms[fields][8]\" required=\"required\"><option value=\"\" class=\"placeholder\" disabled selected='selected'>Momo<\/option><option value=\"Thinkorswim\" >Thinkorswim<\/option><option value=\"Robin Hood\" >Robin Hood<\/option><option value=\"E-Trade\" >E-Trade<\/option><option value=\"Interactive Brokers\" >Interactive Brokers<\/option><option value=\"Momo\" >Momo<\/option><option value=\"Webull\" >Webull<\/option><option value=\"Tastytrade\" >Tastytrade<\/option><option value=\"Otro\" >Otro<\/option><\/select><\/div><div id=\"wpforms-1680-field_4-container\" class=\"wpforms-field wpforms-field-text nombre-proyecto-cf\" data-field-id=\"4\"><label class=\"wpforms-field-label\" for=\"wpforms-1680-field_4\">Nombre del Proyecto<\/label><input type=\"text\" id=\"wpforms-1680-field_4\" class=\"wpforms-field-large\" name=\"wpforms[fields][4]\" placeholder=\"Vela roja de apertura, bajista en temporalidad 30 minutos\" aria-errormessage=\"wpforms-1680-field_4-error\" ><\/div><div id=\"wpforms-1680-field_5-container\" class=\"wpforms-field wpforms-field-textarea\" data-field-id=\"5\"><label class=\"wpforms-field-label\" for=\"wpforms-1680-field_5\">Requerimiento o Configuraci\u00f3n<\/label><textarea id=\"wpforms-1680-field_5\" class=\"wpforms-field-medium\" name=\"wpforms[fields][5]\" placeholder=\"Ejemplo:  Para una se\u00f1al alcista El precio de cierre debe ser menor que la banda de Bolligen inferior (Diario, configuraci\u00f3n of close, 0, 20, -2.0, 2.0, simple)) RSI debe estar sobrevendido (Diario, configuraci\u00f3n de 14, 70, 30, cierre, wilders, yes) ADX debe ser mayor que 25 (Diario, configuraci\u00f3n of 14 Wilders)\" aria-errormessage=\"wpforms-1680-field_5-error\" ><\/textarea><\/div><div id=\"wpforms-1680-field_6-container\" class=\"wpforms-field wpforms-field-text\" data-field-id=\"6\"><label class=\"wpforms-field-label\" for=\"wpforms-1680-field_6\">Pregunta <span class=\"wpforms-required-label\" aria-hidden=\"true\">*<\/span><\/label><input type=\"text\" id=\"wpforms-1680-field_6\" class=\"wpforms-field-large wpforms-field-required\" name=\"wpforms[fields][6]\" placeholder=\"Pregunta\" aria-errormessage=\"wpforms-1680-field_6-error\" required><\/div><\/div><!-- .wpforms-field-container --><div class=\"wpforms-submit-container\" ><input type=\"hidden\" name=\"wpforms[id]\" value=\"1680\"><input type=\"hidden\" name=\"page_title\" value=\"\"><input type=\"hidden\" name=\"page_url\" value=\"https:\/\/optionsbb.com\/en\/wp-json\/wp\/v2\/pages\/2108\"><button type=\"submit\" name=\"wpforms[submit]\" id=\"wpforms-submit-1680\" class=\"wpforms-submit\" data-alt-text=\"Enviando...\" data-submit-text=\"Enviar\" aria-live=\"assertive\" value=\"wpforms-submit\">Send<\/button><img decoding=\"async\" src=\"https:\/\/optionsbb.com\/wp-content\/plugins\/wpforms-lite\/assets\/images\/submit-spin.svg\" class=\"wpforms-submit-spinner\" style=\"display: none;\" width=\"26\" height=\"26\" alt=\"Loading\"><\/div><input type=\"hidden\" name=\"trp-form-language\" value=\"en\"\/><\/form><\/div>  <!-- .wpforms-container -->\t\t<\/div>\n\t\t\t\t<\/div>\n\t\t\t\t<\/div>\n\t\t\t\t\t<\/div>\n\t\t\t\t<\/div>\n\t\t\t\t<\/div>","protected":false},"excerpt":{"rendered":"<p>\u00bfTienes Una Proyecto Personal? Configuramos su scanner, lista de sus acciones mas estudiadas,\u00a0 Tienes una estrategia o quieres construirla Complete el formulario para una cotizaci\u00f3n de proyecto. Ver ejemplo de estrategia Por favor, activa JavaScript en tu navegador para completar este formulario.Por favor, activa JavaScript en tu navegador para completar este formulario.Nombre *Apellido *Correo electr\u00f3nico [&hellip;]<\/p>","protected":false},"author":2,"featured_media":0,"parent":0,"menu_order":0,"comment_status":"closed","ping_status":"closed","template":"elementor_header_footer","meta":{"footnotes":""},"blocksy_meta":[],"_links":{"self":[{"href":"https:\/\/optionsbb.com\/en\/wp-json\/wp\/v2\/pages\/2108"}],"collection":[{"href":"https:\/\/optionsbb.com\/en\/wp-json\/wp\/v2\/pages"}],"about":[{"href":"https:\/\/optionsbb.com\/en\/wp-json\/wp\/v2\/types\/page"}],"author":[{"embeddable":true,"href":"https:\/\/optionsbb.com\/en\/wp-json\/wp\/v2\/users\/2"}],"replies":[{"embeddable":true,"href":"https:\/\/optionsbb.com\/en\/wp-json\/wp\/v2\/comments?post=2108"}],"version-history":[{"count":25,"href":"https:\/\/optionsbb.com\/en\/wp-json\/wp\/v2\/pages\/2108\/revisions"}],"predecessor-version":[{"id":4270,"href":"https:\/\/optionsbb.com\/en\/wp-json\/wp\/v2\/pages\/2108\/revisions\/4270"}],"wp:attachment":[{"href":"https:\/\/optionsbb.com\/en\/wp-json\/wp\/v2\/media?parent=2108"}],"curies":[{"name":"wp","href":"https:\/\/api.w.org\/{rel}","templated":true}]}}