{"id":2342,"date":"2024-09-05T10:24:24","date_gmt":"2024-09-05T08:24:24","guid":{"rendered":"https:\/\/optionsbb.com\/?page_id=2342"},"modified":"2024-10-03T05:34:58","modified_gmt":"2024-10-03T03:34:58","slug":"cursos-2","status":"publish","type":"page","link":"https:\/\/optionsbb.com\/en\/cursos-2\/","title":{"rendered":"Courses"},"content":{"rendered":"<div data-elementor-type=\"wp-page\" data-elementor-id=\"2342\" class=\"elementor elementor-2342\">\n\t\t\t\t<div class=\"elementor-element elementor-element-b3076ce e-flex e-con-boxed e-con e-parent\" data-id=\"b3076ce\" data-element_type=\"container\" data-settings=\"{&quot;background_background&quot;:&quot;classic&quot;}\">\n\t\t\t\t\t<div class=\"e-con-inner\">\n\t\t\t\t<div class=\"elementor-element elementor-element-ecdaedf elementor-widget elementor-widget-heading\" data-id=\"ecdaedf\" data-element_type=\"widget\" data-widget_type=\"heading.default\">\n\t\t\t\t<div class=\"elementor-widget-container\">\n\t\t\t<h2 class=\"elementor-heading-title elementor-size-default\">Courses<\/h2>\t\t<\/div>\n\t\t\t\t<\/div>\n\t\t\t\t\t<\/div>\n\t\t\t\t<\/div>\n\t\t<div class=\"elementor-element elementor-element-a583032 e-flex e-con-boxed e-con e-parent\" data-id=\"a583032\" data-element_type=\"container\" data-settings=\"{&quot;background_background&quot;:&quot;classic&quot;}\">\n\t\t\t\t\t<div class=\"e-con-inner\">\n\t\t<div class=\"elementor-element elementor-element-e43537b e-con-full e-flex e-con e-child\" data-id=\"e43537b\" data-element_type=\"container\" data-settings=\"{&quot;background_background&quot;:&quot;classic&quot;}\">\n\t\t<div class=\"elementor-element elementor-element-c5ca250 e-con-full e-flex e-con e-child\" data-id=\"c5ca250\" data-element_type=\"container\">\n\t\t<div class=\"elementor-element elementor-element-56da42e e-con-full e-flex e-con e-child\" data-id=\"56da42e\" data-element_type=\"container\">\n\t\t\t\t<div class=\"elementor-element elementor-element-136f890 elementor-view-default elementor-widget elementor-widget-icon\" data-id=\"136f890\" data-element_type=\"widget\" data-widget_type=\"icon.default\">\n\t\t\t\t<div class=\"elementor-widget-container\">\n\t\t\t\t\t<div class=\"elementor-icon-wrapper\">\n\t\t\t<div class=\"elementor-icon\">\n\t\t\t<svg aria-hidden=\"true\" class=\"e-font-icon-svg e-far-comments\" viewbox=\"0 0 576 512\" xmlns=\"http:\/\/www.w3.org\/2000\/svg\"><path d=\"M532 386.2c27.5-27.1 44-61.1 44-98.2 0-80-76.5-146.1-176.2-157.9C368.3 72.5 294.3 32 208 32 93.1 32 0 103.6 0 192c0 37 16.5 71 44 98.2-15.3 30.7-37.3 54.5-37.7 54.9-6.3 6.7-8.1 16.5-4.4 25 3.6 8.5 12 14 21.2 14 53.5 0 96.7-20.2 125.2-38.8 9.2 2.1 18.7 3.7 28.4 4.9C208.1 407.6 281.8 448 368 448c20.8 0 40.8-2.4 59.8-6.8C456.3 459.7 499.4 480 553 480c9.2 0 17.5-5.5 21.2-14 3.6-8.5 1.9-18.3-4.4-25-.4-.3-22.5-24.1-37.8-54.8zm-392.8-92.3L122.1 305c-14.1 9.1-28.5 16.3-43.1 21.4 2.7-4.7 5.4-9.7 8-14.8l15.5-31.1L77.7 256C64.2 242.6 48 220.7 48 192c0-60.7 73.3-112 160-112s160 51.3 160 112-73.3 112-160 112c-16.5 0-33-1.9-49-5.6l-19.8-4.5zM498.3 352l-24.7 24.4 15.5 31.1c2.6 5.1 5.3 10.1 8 14.8-14.6-5.1-29-12.3-43.1-21.4l-17.1-11.1-19.9 4.6c-16 3.7-32.5 5.6-49 5.6-54 0-102.2-20.1-131.3-49.7C338 339.5 416 272.9 416 192c0-3.4-.4-6.7-.7-10C479.7 196.5 528 238.8 528 288c0 28.7-16.2 50.6-29.7 64z\"><\/path><\/svg>\t\t\t<\/div>\n\t\t<\/div>\n\t\t\t\t<\/div>\n\t\t\t\t<\/div>\n\t\t\t\t<div class=\"elementor-element elementor-element-a931f3d elementor-widget elementor-widget-heading\" data-id=\"a931f3d\" data-element_type=\"widget\" data-widget_type=\"heading.default\">\n\t\t\t\t<div class=\"elementor-widget-container\">\n\t\t\t<h3 class=\"elementor-heading-title elementor-size-default\">Do you have an idea?<\/h3>\t\t<\/div>\n\t\t\t\t<\/div>\n\t\t\t\t<\/div>\n\t\t\t\t<div class=\"elementor-element elementor-element-35b8931 elementor-widget elementor-widget-text-editor\" data-id=\"35b8931\" data-element_type=\"widget\" data-widget_type=\"text-editor.default\">\n\t\t\t\t<div class=\"elementor-widget-container\">\n\t\t\t\t\t\t\t<p>We configure your scanner, list of your most studied actions.\u00a0<\/p>\t\t\t\t\t\t<\/div>\n\t\t\t\t<\/div>\n\t\t\t\t<\/div>\n\t\t<div class=\"elementor-element elementor-element-1817b10 e-con-full e-flex e-con e-child\" data-id=\"1817b10\" data-element_type=\"container\">\n\t\t\t\t<div class=\"elementor-element elementor-element-11c2587 elementor-widget__width-initial elementor-align-right elementor-tablet-align-center elementor-mobile-align-justify elementor-widget-mobile__width-inherit elementor-widget elementor-widget-button\" data-id=\"11c2587\" data-element_type=\"widget\" data-widget_type=\"button.default\">\n\t\t\t\t<div class=\"elementor-widget-container\">\n\t\t\t\t\t<div class=\"elementor-button-wrapper\">\n\t\t\t<a class=\"elementor-button elementor-button-link elementor-size-sm\" href=\"https:\/\/optionsbb.com\/en\/formulario-tienes-una-idea\/\">\n\t\t\t\t\t\t<span class=\"elementor-button-content-wrapper\">\n\t\t\t\t\t\t\t\t\t<span class=\"elementor-button-text\">Submit Strategy<\/span>\n\t\t\t\t\t<\/span>\n\t\t\t\t\t<\/a>\n\t\t<\/div>\n\t\t\t\t<\/div>\n\t\t\t\t<\/div>\n\t\t\t\t<\/div>\n\t\t\t\t<\/div>\n\t\t\t\t\t<\/div>\n\t\t\t\t<\/div>\n\t\t<div class=\"elementor-element elementor-element-64bf754 e-flex e-con-boxed e-con e-parent\" data-id=\"64bf754\" data-element_type=\"container\">\n\t\t\t\t\t<div class=\"e-con-inner\">\n\t\t<div class=\"elementor-element elementor-element-6772013 e-con-full e-flex e-con e-child\" data-id=\"6772013\" data-element_type=\"container\">\n\t\t\t\t<div class=\"elementor-element elementor-element-8ad4e48 premium-blog-align-left elementor-widget elementor-widget-premium-addon-blog\" data-id=\"8ad4e48\" data-element_type=\"widget\" data-settings=\"{&quot;premium_blog_columns_number&quot;:&quot;33.33%&quot;,&quot;premium_blog_grid&quot;:&quot;yes&quot;,&quot;premium_blog_layout&quot;:&quot;even&quot;,&quot;premium_blog_columns_number_tablet&quot;:&quot;50%&quot;,&quot;premium_blog_columns_number_mobile&quot;:&quot;100%&quot;}\" data-widget_type=\"premium-addon-blog.default\">\n\t\t\t\t<div class=\"elementor-widget-container\">\n\t\t\t\r\n\t\t\t\t<div class=\"premium-blog-wrap  premium-blog-even\" data-page=\"2342\">\r\n\t\t\t\t\t<article class=\"premium-blog-post-outer-container\" data-total=\"1\">\n\t\t\t<div class=\"premium-blog-post-container premium-blog-skin-classic\">\n\t\t\t\t\t\t\t\t\t<div class=\"premium-blog-thumb-effect-wrapper\">\n\t\t\t\t\t\t<div class=\"premium-blog-thumbnail-container premium-blog-zoomin-effect\">\n\t\t\t\t\t\t\t<img fetchpriority=\"high\" decoding=\"async\" width=\"1280\" height=\"720\" src=\"https:\/\/optionsbb.com\/wp-content\/uploads\/2024\/09\/cursos-de-acciones.png\" class=\"attachment-full size-full wp-image-3784\" alt=\"\" srcset=\"https:\/\/optionsbb.com\/wp-content\/uploads\/2024\/09\/cursos-de-acciones.png 1280w, https:\/\/optionsbb.com\/wp-content\/uploads\/2024\/09\/cursos-de-acciones-300x169.png 300w, https:\/\/optionsbb.com\/wp-content\/uploads\/2024\/09\/cursos-de-acciones-1024x576.png 1024w, https:\/\/optionsbb.com\/wp-content\/uploads\/2024\/09\/cursos-de-acciones-768x432.png 768w\" sizes=\"(max-width: 1280px) 100vw, 1280px\" \/>\t\t\t\t\t\t<\/div>\n\t\t\t\t\t\t\t\t\t\t\t\t\t<div class=\"premium-blog-thumbnail-overlay\">\n\t\t\t\t\t\t\t\t<a class=\"elementor-icon\" href=\"https:\/\/optionsbb.com\/en\/curso-de-acciones\/\" target=\"_blank\" aria-hidden=\"true\"><span>Course of Actions<\/span><\/a>\n\t\t\t\t\t\t\t<\/div>\n\n\t\t\t\t\t\t\t\t\t\t\t\t\t\t\t\t\t\t<\/div>\n\t\t\t\t\t\t\t\t\t\t\t\t<div class=\"premium-blog-content-wrapper\">\n\n\t\t\t\t\t<div class=\"premium-blog-inner-container\">\n\n\t\t\t\t\t\t\t\t\t\t\t\t\t\t<h2 class=\"premium-blog-entry-title\">\n\t\t\t<a href=\"https:\/\/optionsbb.com\/en\/curso-de-acciones\/\" target=\"_blank\">\n\t\t\t\tCourse of Actions\t\t\t<\/a>\n\t\t<\/h2>\n\t\t\t\t<div class=\"premium-blog-entry-meta\">\n\t\t\t\n\t\t\t\t\t\t\t<span class=\"premium-blog-meta-separator\">\u2022<\/span>\n\t\t\t\t<div class=\"premium-blog-post-time premium-blog-meta-data\">\n\t\t\t\t\t<i class=\"fa fa-calendar-alt\" aria-hidden=\"true\"><\/i>\n\t\t\t\t\t<span>3 de September de 2024<\/span>\n\t\t\t\t<\/div>\n\t\t\t\n\t\t\t\t\t\t\t<span class=\"premium-blog-meta-separator\">\u2022<\/span>\n\t\t\t\t<div class=\"premium-blog-post-categories premium-blog-meta-data\">\n\t\t\t\t\t<i class=\"fa fa-align-left fa-fw\" aria-hidden=\"true\"><\/i>\n\t\t\t\t\t<a href=\"https:\/\/optionsbb.com\/en\/category\/cursos\/\" rel=\"category tag\">Courses<\/a>\t\t\t\t<\/div>\n\t\t\t\n\t\t\t\t\t<\/div>\n\t\t\n\t\t\t\t\t<\/div>\n\n\t\t\t\t\t\t\t<div class=\"premium-blog-content-inner-wrapper\">\n\t\t<p class=\"premium-blog-post-content\">Contenido del Curso Correo electr\u00f3nico: info@optionsbb.com +1 407 4861153 Jes\u00fas Roa<\/p><div class=\"premium-blog-excerpt-link-wrap\"><a href=\"https:\/\/optionsbb.com\/en\/curso-de-acciones\/\" target=\"_blank\" class=\"premium-blog-excerpt-link elementor-button\">Leer m\u00e1s \u00bb<\/a><\/div>\t\t<\/div>\n\t\t\t\t\t\t\t\n\t\t\t\t<\/div>\n\t\t\t<\/div>\n\t\t<\/article>\n\n\t\t\t\t<article class=\"premium-blog-post-outer-container\" data-total=\"1\">\n\t\t\t<div class=\"premium-blog-post-container premium-blog-skin-classic\">\n\t\t\t\t\t\t\t\t\t<div class=\"premium-blog-thumb-effect-wrapper\">\n\t\t\t\t\t\t<div class=\"premium-blog-thumbnail-container premium-blog-zoomin-effect\">\n\t\t\t\t\t\t\t<img decoding=\"async\" width=\"1280\" height=\"720\" src=\"https:\/\/optionsbb.com\/wp-content\/uploads\/2024\/09\/cursos-1.png\" class=\"attachment-full size-full wp-image-3781\" alt=\"\" srcset=\"https:\/\/optionsbb.com\/wp-content\/uploads\/2024\/09\/cursos-1.png 1280w, https:\/\/optionsbb.com\/wp-content\/uploads\/2024\/09\/cursos-1-300x169.png 300w, https:\/\/optionsbb.com\/wp-content\/uploads\/2024\/09\/cursos-1-1024x576.png 1024w, https:\/\/optionsbb.com\/wp-content\/uploads\/2024\/09\/cursos-1-768x432.png 768w\" sizes=\"(max-width: 1280px) 100vw, 1280px\" \/>\t\t\t\t\t\t<\/div>\n\t\t\t\t\t\t\t\t\t\t\t\t\t<div class=\"premium-blog-thumbnail-overlay\">\n\t\t\t\t\t\t\t\t<a class=\"elementor-icon\" href=\"https:\/\/optionsbb.com\/en\/curso-de-opciones-financieras-1\/\" target=\"_blank\" aria-hidden=\"true\"><span>Financial Options Course 1<\/span><\/a>\n\t\t\t\t\t\t\t<\/div>\n\n\t\t\t\t\t\t\t\t\t\t\t\t\t\t\t\t\t\t<\/div>\n\t\t\t\t\t\t\t\t\t\t\t\t<div class=\"premium-blog-content-wrapper\">\n\n\t\t\t\t\t<div class=\"premium-blog-inner-container\">\n\n\t\t\t\t\t\t\t\t\t\t\t\t\t\t<h2 class=\"premium-blog-entry-title\">\n\t\t\t<a href=\"https:\/\/optionsbb.com\/en\/curso-de-opciones-financieras-1\/\" target=\"_blank\">\n\t\t\t\tFinancial Options Course 1\t\t\t<\/a>\n\t\t<\/h2>\n\t\t\t\t<div class=\"premium-blog-entry-meta\">\n\t\t\t\n\t\t\t\t\t\t\t<span class=\"premium-blog-meta-separator\">\u2022<\/span>\n\t\t\t\t<div class=\"premium-blog-post-time premium-blog-meta-data\">\n\t\t\t\t\t<i class=\"fa fa-calendar-alt\" aria-hidden=\"true\"><\/i>\n\t\t\t\t\t<span>2 de September de 2024<\/span>\n\t\t\t\t<\/div>\n\t\t\t\n\t\t\t\t\t\t\t<span class=\"premium-blog-meta-separator\">\u2022<\/span>\n\t\t\t\t<div class=\"premium-blog-post-categories premium-blog-meta-data\">\n\t\t\t\t\t<i class=\"fa fa-align-left fa-fw\" aria-hidden=\"true\"><\/i>\n\t\t\t\t\t<a href=\"https:\/\/optionsbb.com\/en\/category\/cursos\/\" rel=\"category tag\">Courses<\/a>\t\t\t\t<\/div>\n\t\t\t\n\t\t\t\t\t<\/div>\n\t\t\n\t\t\t\t\t<\/div>\n\n\t\t\t\t\t\t\t<div class=\"premium-blog-content-inner-wrapper\">\n\t\t<p class=\"premium-blog-post-content\">Introduce the fundamental concepts and operation of options.<\/p><div class=\"premium-blog-excerpt-link-wrap\"><a href=\"https:\/\/optionsbb.com\/en\/curso-de-opciones-financieras-1\/\" target=\"_blank\" class=\"premium-blog-excerpt-link elementor-button\">Leer m\u00e1s \u00bb<\/a><\/div>\t\t<\/div>\n\t\t\t\t\t\t\t\n\t\t\t\t<\/div>\n\t\t\t<\/div>\n\t\t<\/article>\n\n\t\t\t\t<article class=\"premium-blog-post-outer-container\" data-total=\"1\">\n\t\t\t<div class=\"premium-blog-post-container premium-blog-skin-classic\">\n\t\t\t\t\t\t\t\t\t<div class=\"premium-blog-thumb-effect-wrapper\">\n\t\t\t\t\t\t<div class=\"premium-blog-thumbnail-container premium-blog-zoomin-effect\">\n\t\t\t\t\t\t\t<img decoding=\"async\" width=\"1280\" height=\"720\" src=\"https:\/\/optionsbb.com\/wp-content\/uploads\/2024\/09\/Curso-de-opciones-financieras-2.png\" class=\"attachment-full size-full wp-image-4003\" alt=\"\" srcset=\"https:\/\/optionsbb.com\/wp-content\/uploads\/2024\/09\/Curso-de-opciones-financieras-2.png 1280w, https:\/\/optionsbb.com\/wp-content\/uploads\/2024\/09\/Curso-de-opciones-financieras-2-300x169.png 300w, https:\/\/optionsbb.com\/wp-content\/uploads\/2024\/09\/Curso-de-opciones-financieras-2-1024x576.png 1024w, https:\/\/optionsbb.com\/wp-content\/uploads\/2024\/09\/Curso-de-opciones-financieras-2-768x432.png 768w\" sizes=\"(max-width: 1280px) 100vw, 1280px\" \/>\t\t\t\t\t\t<\/div>\n\t\t\t\t\t\t\t\t\t\t\t\t\t<div class=\"premium-blog-thumbnail-overlay\">\n\t\t\t\t\t\t\t\t<a class=\"elementor-icon\" href=\"https:\/\/optionsbb.com\/en\/curso-de-opciones-financieras-2\/\" target=\"_blank\" aria-hidden=\"true\"><span>Financial Options Course 2<\/span><\/a>\n\t\t\t\t\t\t\t<\/div>\n\n\t\t\t\t\t\t\t\t\t\t\t\t\t\t\t\t\t\t<\/div>\n\t\t\t\t\t\t\t\t\t\t\t\t<div class=\"premium-blog-content-wrapper\">\n\n\t\t\t\t\t<div class=\"premium-blog-inner-container\">\n\n\t\t\t\t\t\t\t\t\t\t\t\t\t\t<h2 class=\"premium-blog-entry-title\">\n\t\t\t<a href=\"https:\/\/optionsbb.com\/en\/curso-de-opciones-financieras-2\/\" target=\"_blank\">\n\t\t\t\tFinancial Options Course 2\t\t\t<\/a>\n\t\t<\/h2>\n\t\t\t\t<div class=\"premium-blog-entry-meta\">\n\t\t\t\n\t\t\t\t\t\t\t<span class=\"premium-blog-meta-separator\">\u2022<\/span>\n\t\t\t\t<div class=\"premium-blog-post-time premium-blog-meta-data\">\n\t\t\t\t\t<i class=\"fa fa-calendar-alt\" aria-hidden=\"true\"><\/i>\n\t\t\t\t\t<span>2 de July de 2024<\/span>\n\t\t\t\t<\/div>\n\t\t\t\n\t\t\t\t\t\t\t<span class=\"premium-blog-meta-separator\">\u2022<\/span>\n\t\t\t\t<div class=\"premium-blog-post-categories premium-blog-meta-data\">\n\t\t\t\t\t<i class=\"fa fa-align-left fa-fw\" aria-hidden=\"true\"><\/i>\n\t\t\t\t\t<a href=\"https:\/\/optionsbb.com\/en\/category\/cursos\/\" rel=\"category tag\">Courses<\/a>\t\t\t\t<\/div>\n\t\t\t\n\t\t\t\t\t<\/div>\n\t\t\n\t\t\t\t\t<\/div>\n\n\t\t\t\t\t\t\t<div class=\"premium-blog-content-inner-wrapper\">\n\t\t<p class=\"premium-blog-post-content\"><strong>Objective:<\/strong>\u00a0To delve deeper into basic strategies and options analysis.<\/p><div class=\"premium-blog-excerpt-link-wrap\"><a href=\"https:\/\/optionsbb.com\/en\/curso-de-opciones-financieras-2\/\" target=\"_blank\" class=\"premium-blog-excerpt-link elementor-button\">Leer m\u00e1s \u00bb<\/a><\/div>\t\t<\/div>\n\t\t\t\t\t\t\t\n\t\t\t\t<\/div>\n\t\t\t<\/div>\n\t\t<\/article>\n\n\t\t\t\t<article class=\"premium-blog-post-outer-container\" data-total=\"1\">\n\t\t\t<div class=\"premium-blog-post-container premium-blog-skin-classic\">\n\t\t\t\t\t\t\t\t\t<div class=\"premium-blog-thumb-effect-wrapper\">\n\t\t\t\t\t\t<div class=\"premium-blog-thumbnail-container premium-blog-zoomin-effect\">\n\t\t\t\t\t\t\t<img loading=\"lazy\" decoding=\"async\" width=\"1280\" height=\"720\" src=\"https:\/\/optionsbb.com\/wp-content\/uploads\/2024\/09\/Curso-de-opciones-financieras-3.png\" class=\"attachment-full size-full wp-image-4004\" alt=\"\" srcset=\"https:\/\/optionsbb.com\/wp-content\/uploads\/2024\/09\/Curso-de-opciones-financieras-3.png 1280w, https:\/\/optionsbb.com\/wp-content\/uploads\/2024\/09\/Curso-de-opciones-financieras-3-300x169.png 300w, https:\/\/optionsbb.com\/wp-content\/uploads\/2024\/09\/Curso-de-opciones-financieras-3-1024x576.png 1024w, https:\/\/optionsbb.com\/wp-content\/uploads\/2024\/09\/Curso-de-opciones-financieras-3-768x432.png 768w\" sizes=\"(max-width: 1280px) 100vw, 1280px\" \/>\t\t\t\t\t\t<\/div>\n\t\t\t\t\t\t\t\t\t\t\t\t\t<div class=\"premium-blog-thumbnail-overlay\">\n\t\t\t\t\t\t\t\t<a class=\"elementor-icon\" href=\"https:\/\/optionsbb.com\/en\/curso-de-opciones-financieras-3\/\" target=\"_blank\" aria-hidden=\"true\"><span>Financial Options Course 3<\/span><\/a>\n\t\t\t\t\t\t\t<\/div>\n\n\t\t\t\t\t\t\t\t\t\t\t\t\t\t\t\t\t\t<\/div>\n\t\t\t\t\t\t\t\t\t\t\t\t<div class=\"premium-blog-content-wrapper\">\n\n\t\t\t\t\t<div class=\"premium-blog-inner-container\">\n\n\t\t\t\t\t\t\t\t\t\t\t\t\t\t<h2 class=\"premium-blog-entry-title\">\n\t\t\t<a href=\"https:\/\/optionsbb.com\/en\/curso-de-opciones-financieras-3\/\" target=\"_blank\">\n\t\t\t\tFinancial Options Course 3\t\t\t<\/a>\n\t\t<\/h2>\n\t\t\t\t<div class=\"premium-blog-entry-meta\">\n\t\t\t\n\t\t\t\t\t\t\t<span class=\"premium-blog-meta-separator\">\u2022<\/span>\n\t\t\t\t<div class=\"premium-blog-post-time premium-blog-meta-data\">\n\t\t\t\t\t<i class=\"fa fa-calendar-alt\" aria-hidden=\"true\"><\/i>\n\t\t\t\t\t<span>2 de June de 2024<\/span>\n\t\t\t\t<\/div>\n\t\t\t\n\t\t\t\t\t\t\t<span class=\"premium-blog-meta-separator\">\u2022<\/span>\n\t\t\t\t<div class=\"premium-blog-post-categories premium-blog-meta-data\">\n\t\t\t\t\t<i class=\"fa fa-align-left fa-fw\" aria-hidden=\"true\"><\/i>\n\t\t\t\t\t<a href=\"https:\/\/optionsbb.com\/en\/category\/cursos\/\" rel=\"category tag\">Courses<\/a>\t\t\t\t<\/div>\n\t\t\t\n\t\t\t\t\t<\/div>\n\t\t\n\t\t\t\t\t<\/div>\n\n\t\t\t\t\t\t\t<div class=\"premium-blog-content-inner-wrapper\">\n\t\t<p class=\"premium-blog-post-content\">Introduce the fundamental concepts and operation of options.<\/p><div class=\"premium-blog-excerpt-link-wrap\"><a href=\"https:\/\/optionsbb.com\/en\/curso-de-opciones-financieras-3\/\" target=\"_blank\" class=\"premium-blog-excerpt-link elementor-button\">Leer m\u00e1s \u00bb<\/a><\/div>\t\t<\/div>\n\t\t\t\t\t\t\t\n\t\t\t\t<\/div>\n\t\t\t<\/div>\n\t\t<\/article>\n\n\t\t\t\t<\/div>\r\n\r\n\t\t\t\t<\/div>\n\t\t\t\t<\/div>\n\t\t\t\t<\/div>\n\t\t\t\t\t<\/div>\n\t\t\t\t<\/div>\n\t\t<div class=\"elementor-element elementor-element-2d638b0 e-flex e-con-boxed e-con e-parent\" data-id=\"2d638b0\" data-element_type=\"container\" data-settings=\"{&quot;background_background&quot;:&quot;classic&quot;}\">\n\t\t\t\t\t<div class=\"e-con-inner\">\n\t\t<div class=\"elementor-element elementor-element-1d72c623 e-con-full e-flex e-con e-child\" data-id=\"1d72c623\" data-element_type=\"container\" data-settings=\"{&quot;background_background&quot;:&quot;classic&quot;}\">\n\t\t<div class=\"elementor-element elementor-element-7ea113b3 e-con-full e-flex e-con e-child\" data-id=\"7ea113b3\" data-element_type=\"container\">\n\t\t<div class=\"elementor-element elementor-element-3bf51219 e-con-full e-flex e-con e-child\" data-id=\"3bf51219\" data-element_type=\"container\">\n\t\t\t\t<div class=\"elementor-element elementor-element-3030cbdd elementor-view-default elementor-widget elementor-widget-icon\" data-id=\"3030cbdd\" data-element_type=\"widget\" data-widget_type=\"icon.default\">\n\t\t\t\t<div class=\"elementor-widget-container\">\n\t\t\t\t\t<div class=\"elementor-icon-wrapper\">\n\t\t\t<div class=\"elementor-icon\">\n\t\t\t<svg aria-hidden=\"true\" class=\"e-font-icon-svg e-far-comments\" viewbox=\"0 0 576 512\" xmlns=\"http:\/\/www.w3.org\/2000\/svg\"><path d=\"M532 386.2c27.5-27.1 44-61.1 44-98.2 0-80-76.5-146.1-176.2-157.9C368.3 72.5 294.3 32 208 32 93.1 32 0 103.6 0 192c0 37 16.5 71 44 98.2-15.3 30.7-37.3 54.5-37.7 54.9-6.3 6.7-8.1 16.5-4.4 25 3.6 8.5 12 14 21.2 14 53.5 0 96.7-20.2 125.2-38.8 9.2 2.1 18.7 3.7 28.4 4.9C208.1 407.6 281.8 448 368 448c20.8 0 40.8-2.4 59.8-6.8C456.3 459.7 499.4 480 553 480c9.2 0 17.5-5.5 21.2-14 3.6-8.5 1.9-18.3-4.4-25-.4-.3-22.5-24.1-37.8-54.8zm-392.8-92.3L122.1 305c-14.1 9.1-28.5 16.3-43.1 21.4 2.7-4.7 5.4-9.7 8-14.8l15.5-31.1L77.7 256C64.2 242.6 48 220.7 48 192c0-60.7 73.3-112 160-112s160 51.3 160 112-73.3 112-160 112c-16.5 0-33-1.9-49-5.6l-19.8-4.5zM498.3 352l-24.7 24.4 15.5 31.1c2.6 5.1 5.3 10.1 8 14.8-14.6-5.1-29-12.3-43.1-21.4l-17.1-11.1-19.9 4.6c-16 3.7-32.5 5.6-49 5.6-54 0-102.2-20.1-131.3-49.7C338 339.5 416 272.9 416 192c0-3.4-.4-6.7-.7-10C479.7 196.5 528 238.8 528 288c0 28.7-16.2 50.6-29.7 64z\"><\/path><\/svg>\t\t\t<\/div>\n\t\t<\/div>\n\t\t\t\t<\/div>\n\t\t\t\t<\/div>\n\t\t\t\t<div class=\"elementor-element elementor-element-3a550eca elementor-widget elementor-widget-heading\" data-id=\"3a550eca\" data-element_type=\"widget\" data-widget_type=\"heading.default\">\n\t\t\t\t<div class=\"elementor-widget-container\">\n\t\t\t<h3 class=\"elementor-heading-title elementor-size-default\">Do you have an idea?<\/h3>\t\t<\/div>\n\t\t\t\t<\/div>\n\t\t\t\t<\/div>\n\t\t\t\t<div class=\"elementor-element elementor-element-72ff7580 elementor-widget elementor-widget-text-editor\" data-id=\"72ff7580\" data-element_type=\"widget\" data-widget_type=\"text-editor.default\">\n\t\t\t\t<div class=\"elementor-widget-container\">\n\t\t\t\t\t\t\t<p>We configure your scanner, list of your most studied actions.\u00a0<\/p>\t\t\t\t\t\t<\/div>\n\t\t\t\t<\/div>\n\t\t\t\t<div class=\"elementor-element elementor-element-33d39d97 elementor-fixed elementor-widget elementor-widget-html\" data-id=\"33d39d97\" data-element_type=\"widget\" data-settings=\"{&quot;_position&quot;:&quot;fixed&quot;}\" data-widget_type=\"html.default\">\n\t\t\t\t<div class=\"elementor-widget-container\">\n\t\t\t\r\n<a href=\"https:\/\/discord.gg\/V7upBa6D\" target=\"_blank\">\r\n\r\n<div class=\"icon-container-discord\" >\r\n <div class=\"loader\"><\/div>\r\n  \r\n<svg class=\"svg-dicord\" xmlns=\"http:\/\/www.w3.org\/2000\/svg\"  viewbox=\"0 0 70 54\" fill=\"none\"><g clip-path=\"url(#clip0_26_2)\"><path d=\"M59.2965 4.50371C54.7059 2.37212 49.8493 0.857535 44.8552 0C44.2331 1.11609 43.5063 2.61724 43.0051 3.81148C37.6206 3.0079 32.2856 3.0079 27 3.81148C26.4991 2.61751 25.7559 1.11609 25.1281 0C20.1291 0.857908 15.2683 2.37635 10.6755 4.51483C1.53615 18.2208 -0.941464 31.5859 0.297208 44.7619C6.35904 49.2542 12.2336 51.9833 18.0091 53.7691C19.4446 51.8103 20.7134 49.7364 21.8025 47.5688C19.7288 46.7854 17.7297 45.8199 15.829 44.6838C16.3292 44.3158 16.8176 43.9324 17.2935 43.534C28.8113 48.8803 41.326 48.8803 52.7064 43.534C53.1844 43.9298 53.6727 44.3131 54.1707 44.6838C52.2669 45.8229 50.2641 46.7904 48.1862 47.5745C49.2816 49.7508 50.5482 51.8267 51.9796 53.7745C57.7606 51.989 63.6406 49.2599 69.7025 44.7619C71.1561 29.4878 67.2197 16.2453 59.2965 4.50371ZM23.3718 36.6589C19.9142 36.6589 17.0786 33.4556 17.0786 29.5548C17.0786 25.6541 19.8537 22.4453 23.3718 22.4453C26.8898 22.4453 29.7254 25.6484 29.6649 29.5548C29.6704 33.4556 26.8901 36.6589 23.3718 36.6589ZM46.6279 36.6589C43.1703 36.6589 40.335 33.4556 40.335 29.5548C40.335 25.6541 43.1099 22.4453 46.6279 22.4453C50.1462 22.4453 52.9815 25.6484 52.9211 29.5548C52.9211 33.4556 50.1462 36.6589 46.6279 36.6589Z\" fill=\"white\"\/><\/g><defs><clippath id=\"clip0_26_2\"><rect width=\"70\" height=\"54\" fill=\"white\"\/><\/clippath><\/defs><\/svg>\r\n\r\n<span>Alerts<\/span>\r\n<\/div>\r\n<\/a>\r\n\r\n\r\n\r\n<style>\r\n    \r\n    \r\n.icon-container-discord {\r\n  font-family: -apple-system, BlinkMacSystemFont, 'Segoe UI', Roboto, Oxygen, Ubuntu, Cantarell, 'Open Sans', 'Helvetica Neue', sans-serif;\r\n  display: flex;\r\n  flex-direction: row;\r\n  gap: .5em;\r\n  align-items: center;\r\n  position: relative;\r\nwidth: 6.9rem;\r\nheight: 2.2rem;\r\nborder-radius: 40px;\r\npadding: .5rem;\r\npadding-inline: .9rem;\r\nbackground-color: #5964F2;\r\ncursor: pointer;\r\n}\r\n\r\n\r\n.icon-container-discord .svg-dicord {\r\n  width:3em !important;\r\n  \/*height: 30px;*\/\r\n\r\n  margin-top: .em;\r\n}\r\n\r\n.icon-container-discord {\r\n    color: #ffffff;\r\n    \r\n}\r\n\r\n\r\n.loader {\r\n  width: 1rem;\r\nposition: absolute;\r\nright: 0;\r\ntop: -.3rem;\r\n  aspect-ratio: 1;\r\n  border-radius: 50%;\r\n  background: #ff0303;\r\n  box-shadow: 0 0 0 0 #0004;\r\n  animation: l1 1s infinite;\r\n}\r\n@keyframes l1 {\r\n    100% {box-shadow: 0 0 0 10px #f206061f}\r\n}\r\n\r\n\r\n<\/style>\t\t<\/div>\n\t\t\t\t<\/div>\n\t\t\t\t<\/div>\n\t\t<div class=\"elementor-element elementor-element-396bc2ca e-con-full e-flex e-con e-child\" data-id=\"396bc2ca\" data-element_type=\"container\">\n\t\t\t\t<div class=\"elementor-element elementor-element-55f53c39 elementor-widget__width-initial elementor-align-right elementor-tablet-align-center elementor-mobile-align-justify elementor-widget-mobile__width-inherit elementor-widget elementor-widget-button\" data-id=\"55f53c39\" data-element_type=\"widget\" data-widget_type=\"button.default\">\n\t\t\t\t<div class=\"elementor-widget-container\">\n\t\t\t\t\t<div class=\"elementor-button-wrapper\">\n\t\t\t<a class=\"elementor-button elementor-button-link elementor-size-sm\" href=\"https:\/\/optionsbb.com\/en\/formulario-tienes-una-idea\/\">\n\t\t\t\t\t\t<span class=\"elementor-button-content-wrapper\">\n\t\t\t\t\t\t\t\t\t<span class=\"elementor-button-text\">Submit Strategy<\/span>\n\t\t\t\t\t<\/span>\n\t\t\t\t\t<\/a>\n\t\t<\/div>\n\t\t\t\t<\/div>\n\t\t\t\t<\/div>\n\t\t\t\t<\/div>\n\t\t\t\t<\/div>\n\t\t\t\t\t<\/div>\n\t\t\t\t<\/div>\n\t\t\t\t<\/div>","protected":false},"excerpt":{"rendered":"<p>Cursos \u00bfTienes Una idea? Configuramos su scanner, lista de sus acciones mas estudiadas.\u00a0 Enviar Estrategia Curso de Acciones Curso de Acciones \u2022 3 de septiembre de 2024 \u2022 Cursos Contenido del Curso Correo electr\u00f3nico: info@optionsbb.com +1 407 4861153 Jes\u00fas Roa Leer m\u00e1s \u00bb Curso de Opciones Financieras 1 Curso de Opciones Financieras 1 \u2022 2 [&hellip;]<\/p>","protected":false},"author":2,"featured_media":0,"parent":0,"menu_order":0,"comment_status":"closed","ping_status":"closed","template":"elementor_header_footer","meta":{"footnotes":""},"blocksy_meta":[],"_links":{"self":[{"href":"https:\/\/optionsbb.com\/en\/wp-json\/wp\/v2\/pages\/2342"}],"collection":[{"href":"https:\/\/optionsbb.com\/en\/wp-json\/wp\/v2\/pages"}],"about":[{"href":"https:\/\/optionsbb.com\/en\/wp-json\/wp\/v2\/types\/page"}],"author":[{"embeddable":true,"href":"https:\/\/optionsbb.com\/en\/wp-json\/wp\/v2\/users\/2"}],"replies":[{"embeddable":true,"href":"https:\/\/optionsbb.com\/en\/wp-json\/wp\/v2\/comments?post=2342"}],"version-history":[{"count":52,"href":"https:\/\/optionsbb.com\/en\/wp-json\/wp\/v2\/pages\/2342\/revisions"}],"predecessor-version":[{"id":4220,"href":"https:\/\/optionsbb.com\/en\/wp-json\/wp\/v2\/pages\/2342\/revisions\/4220"}],"wp:attachment":[{"href":"https:\/\/optionsbb.com\/en\/wp-json\/wp\/v2\/media?parent=2342"}],"curies":[{"name":"wp","href":"https:\/\/api.w.org\/{rel}","templated":true}]}}