{"id":4119,"date":"2024-09-28T06:10:34","date_gmt":"2024-09-28T04:10:34","guid":{"rendered":"https:\/\/optionsbb.com\/?page_id=4119"},"modified":"2024-09-28T08:12:52","modified_gmt":"2024-09-28T06:12:52","slug":"blog","status":"publish","type":"page","link":"https:\/\/optionsbb.com\/en\/blog\/","title":{"rendered":"Blog"},"content":{"rendered":"<div data-elementor-type=\"wp-page\" data-elementor-id=\"4119\" class=\"elementor elementor-4119\">\n\t\t\t\t<div class=\"elementor-element elementor-element-59cb4c0 e-flex e-con-boxed e-con e-parent\" data-id=\"59cb4c0\" data-element_type=\"container\">\n\t\t\t\t\t<div class=\"e-con-inner\">\n\t\t\t\t<div class=\"elementor-element elementor-element-cb5bba9 elementor-hidden-tablet elementor-hidden-mobile premium-blog-align-left elementor-widget elementor-widget-premium-addon-blog\" data-id=\"cb5bba9\" data-element_type=\"widget\" data-settings=\"{&quot;premium_blog_columns_number&quot;:&quot;33.33%&quot;,&quot;premium_blog_grid&quot;:&quot;yes&quot;,&quot;premium_blog_layout&quot;:&quot;even&quot;,&quot;premium_blog_columns_number_tablet&quot;:&quot;50%&quot;,&quot;premium_blog_columns_number_mobile&quot;:&quot;100%&quot;}\" data-widget_type=\"premium-addon-blog.default\">\n\t\t\t\t<div class=\"elementor-widget-container\">\n\t\t\t\r\n\t\t\t\t<div class=\"premium-blog-wrap  premium-blog-even\" data-page=\"4119\">\r\n\t\t\t\t\t<article class=\"premium-blog-post-outer-container\" data-total=\"1\">\n\t\t\t<div class=\"premium-blog-post-container premium-blog-skin-classic\">\n\t\t\t\t\t\t\t\t\t<div class=\"premium-blog-thumb-effect-wrapper\">\n\t\t\t\t\t\t<div class=\"premium-blog-thumbnail-container premium-blog-zoomin-effect\">\n\t\t\t\t\t\t\t<img fetchpriority=\"high\" decoding=\"async\" width=\"780\" height=\"470\" src=\"https:\/\/optionsbb.com\/wp-content\/uploads\/2024\/08\/Inteligencia-Artificial-1-780x470-1.jpg\" class=\"attachment-full size-full wp-image-1765\" alt=\"\" srcset=\"https:\/\/optionsbb.com\/wp-content\/uploads\/2024\/08\/Inteligencia-Artificial-1-780x470-1.jpg 780w, https:\/\/optionsbb.com\/wp-content\/uploads\/2024\/08\/Inteligencia-Artificial-1-780x470-1-300x181.jpg 300w, https:\/\/optionsbb.com\/wp-content\/uploads\/2024\/08\/Inteligencia-Artificial-1-780x470-1-768x463.jpg 768w, https:\/\/optionsbb.com\/wp-content\/uploads\/2024\/08\/Inteligencia-Artificial-1-780x470-1-18x12.jpg 18w\" sizes=\"(max-width: 780px) 100vw, 780px\" \/>\t\t\t\t\t\t<\/div>\n\t\t\t\t\t\t\t\t\t\t\t\t\t<div class=\"premium-blog-thumbnail-overlay\">\n\t\t\t\t\t\t\t\t<a class=\"elementor-icon\" href=\"https:\/\/optionsbb.com\/en\/como-la-inteligencia-artificial-esta-revolucionando-el-mundo-de-las-finanzas\/\" target=\"_blank\" aria-hidden=\"true\"><span>How Artificial Intelligence Is Revolutionizing the World of Finance<\/span><\/a>\n\t\t\t\t\t\t\t<\/div>\n\n\t\t\t\t\t\t\t\t\t\t\t\t\t\t\t\t\t\t<\/div>\n\t\t\t\t\t\t\t\t\t\t\t\t<div class=\"premium-blog-content-wrapper\">\n\n\t\t\t\t\t<div class=\"premium-blog-inner-container\">\n\n\t\t\t\t\t\t\t\t\t\t\t\t\t\t<h2 class=\"premium-blog-entry-title\">\n\t\t\t<a href=\"https:\/\/optionsbb.com\/en\/como-la-inteligencia-artificial-esta-revolucionando-el-mundo-de-las-finanzas\/\" target=\"_blank\">\n\t\t\t\tHow Artificial Intelligence Is Revolutionizing the World of Finance\t\t\t<\/a>\n\t\t<\/h2>\n\t\t\t\t<div class=\"premium-blog-entry-meta\">\n\t\t\t\n\t\t\t\t\t\t\t<span class=\"premium-blog-meta-separator\">\u2022<\/span>\n\t\t\t\t<div class=\"premium-blog-post-time premium-blog-meta-data\">\n\t\t\t\t\t<i class=\"fa fa-calendar-alt\" aria-hidden=\"true\"><\/i>\n\t\t\t\t\t<span>29 de August de 2024<\/span>\n\t\t\t\t<\/div>\n\t\t\t\n\t\t\t\t\t\t\t<span class=\"premium-blog-meta-separator\">\u2022<\/span>\n\t\t\t\t<div class=\"premium-blog-post-categories premium-blog-meta-data\">\n\t\t\t\t\t<i class=\"fa fa-align-left fa-fw\" aria-hidden=\"true\"><\/i>\n\t\t\t\t\t<a href=\"https:\/\/optionsbb.com\/en\/category\/blog\/\" rel=\"category tag\">Blog<\/a>\t\t\t\t<\/div>\n\t\t\t\n\t\t\t\t\t<\/div>\n\t\t\n\t\t\t\t\t<\/div>\n\n\t\t\t\t\t\t\t<div class=\"premium-blog-content-inner-wrapper\">\n\t\t<p class=\"premium-blog-post-content\">Explora c\u00f3mo las tecnolog\u00edas emergentes como la inteligencia artificial y el aprendizaje autom\u00e1tico est\u00e1n transformando \u2026<\/p>\t\t<\/div>\n\t\t\t\t\t\t\t\n\t\t\t\t<\/div>\n\t\t\t<\/div>\n\t\t<\/article>\n\n\t\t\t\t<\/div>\r\n\r\n\t\t\t\t<\/div>\n\t\t\t\t<\/div>\n\t\t\t\t\t<\/div>\n\t\t\t\t<\/div>\n\t\t\t\t<\/div>","protected":false},"excerpt":{"rendered":"<p>C\u00f3mo la Inteligencia Artificial Est\u00e1 Revolucionando el Mundo de las Finanzas \u2022 29 de agosto de 2024 \u2022 Blog Explora c\u00f3mo las tecnolog\u00edas emergentes como la inteligencia artificial y el aprendizaje autom\u00e1tico est\u00e1n transformando \u2026<\/p>","protected":false},"author":2,"featured_media":0,"parent":0,"menu_order":0,"comment_status":"closed","ping_status":"closed","template":"","meta":{"footnotes":""},"blocksy_meta":[],"_links":{"self":[{"href":"https:\/\/optionsbb.com\/en\/wp-json\/wp\/v2\/pages\/4119"}],"collection":[{"href":"https:\/\/optionsbb.com\/en\/wp-json\/wp\/v2\/pages"}],"about":[{"href":"https:\/\/optionsbb.com\/en\/wp-json\/wp\/v2\/types\/page"}],"author":[{"embeddable":true,"href":"https:\/\/optionsbb.com\/en\/wp-json\/wp\/v2\/users\/2"}],"replies":[{"embeddable":true,"href":"https:\/\/optionsbb.com\/en\/wp-json\/wp\/v2\/comments?post=4119"}],"version-history":[{"count":4,"href":"https:\/\/optionsbb.com\/en\/wp-json\/wp\/v2\/pages\/4119\/revisions"}],"predecessor-version":[{"id":4131,"href":"https:\/\/optionsbb.com\/en\/wp-json\/wp\/v2\/pages\/4119\/revisions\/4131"}],"wp:attachment":[{"href":"https:\/\/optionsbb.com\/en\/wp-json\/wp\/v2\/media?parent=4119"}],"curies":[{"name":"wp","href":"https:\/\/api.w.org\/{rel}","templated":true}]}}